{"id":1151,"date":"2025-07-08T11:06:06","date_gmt":"2025-07-08T11:06:06","guid":{"rendered":"https:\/\/zg-gef.com\/2025\/predstavnik-tvrtke-organizacije\/"},"modified":"2025-10-13T10:45:13","modified_gmt":"2025-10-13T10:45:13","slug":"predstavnik-tvrtke-organizacije","status":"publish","type":"page","link":"https:\/\/zg-gef.com\/2025\/hr\/predstavnik-tvrtke-organizacije\/","title":{"rendered":"Predstavnik tvrtke\/organizacije"},"content":{"rendered":"\t\t<div data-elementor-type=\"wp-page\" data-elementor-id=\"1151\" class=\"elementor elementor-1151 elementor-516\" data-elementor-post-type=\"page\">\n\t\t\t\t<section class=\"elementor-element elementor-element-1a2a61a e-flex e-con-boxed e-con e-parent\" data-id=\"1a2a61a\" data-element_type=\"container\" data-e-type=\"container\" data-settings=\"{&quot;background_background&quot;:&quot;classic&quot;}\">\n\t\t\t\t\t<div class=\"e-con-inner\">\n\t\t\t\t<div class=\"elementor-element elementor-element-1a2051b elementor-widget elementor-widget-heading\" data-id=\"1a2051b\" data-element_type=\"widget\" data-e-type=\"widget\" data-widget_type=\"heading.default\">\n\t\t\t\t\t<h1 class=\"elementor-heading-title elementor-size-default\">Registrirajte se za propusnicu<\/h1>\t\t\t\t<\/div>\n\t\t\t\t<div class=\"elementor-element elementor-element-506a6ca elementor-button-align-end elementor-widget__width-initial form-input-blur form-select-bg form-select-placeholder elementor-widget elementor-widget-form\" data-id=\"506a6ca\" data-element_type=\"widget\" data-e-type=\"widget\" data-settings=\"{&quot;step_next_label&quot;:&quot;Sljede\\u0107e&quot;,&quot;step_previous_label&quot;:&quot;Prethodno&quot;,&quot;button_width&quot;:&quot;100&quot;,&quot;step_type&quot;:&quot;number_text&quot;,&quot;step_icon_shape&quot;:&quot;circle&quot;}\" data-widget_type=\"form.default\">\n\t\t\t\t\t\t\t<form class=\"elementor-form\" method=\"post\" id=\"company_register\" name=\"Company register\" aria-label=\"Company register\" novalidate=\"\">\n\t\t\t<input type=\"hidden\" name=\"post_id\" value=\"1151\"\/>\n\t\t\t<input type=\"hidden\" name=\"form_id\" value=\"506a6ca\"\/>\n\t\t\t<input type=\"hidden\" name=\"referer_title\" value=\"GEF &#8211; Green Energy Fair Zagreb\" \/>\n\n\t\t\t\n\t\t\t<div class=\"elementor-form-fields-wrapper elementor-labels-\">\n\t\t\t\t\t\t\t\t<div class=\"elementor-field-type-text elementor-field-group elementor-column elementor-field-group-full_name elementor-col-100 elementor-field-required\">\n\t\t\t\t\t\t\t\t\t\t\t\t<label for=\"form-field-full_name\" class=\"elementor-field-label elementor-screen-only\">\n\t\t\t\t\t\t\t\tIme i prezime\t\t\t\t\t\t\t<\/label>\n\t\t\t\t\t\t\t\t\t\t\t\t\t\t<input size=\"1\" type=\"text\" name=\"form_fields[full_name]\" id=\"form-field-full_name\" class=\"elementor-field elementor-size-sm  elementor-field-textual\" placeholder=\"Ime i prezime *\" required=\"required\">\n\t\t\t\t\t\t\t\t\t\t\t<\/div>\n\t\t\t\t\t\t\t\t<div class=\"elementor-field-type-text elementor-field-group elementor-column elementor-field-group-job_title elementor-col-100 elementor-field-required\">\n\t\t\t\t\t\t\t\t\t\t\t\t<label for=\"form-field-job_title\" class=\"elementor-field-label elementor-screen-only\">\n\t\t\t\t\t\t\t\tPozicija na poslu\t\t\t\t\t\t\t<\/label>\n\t\t\t\t\t\t\t\t\t\t\t\t\t\t<input size=\"1\" type=\"text\" name=\"form_fields[job_title]\" id=\"form-field-job_title\" class=\"elementor-field elementor-size-sm  elementor-field-textual\" placeholder=\"Pozicija na poslu *\" required=\"required\">\n\t\t\t\t\t\t\t\t\t\t\t<\/div>\n\t\t\t\t\t\t\t\t<div class=\"elementor-field-type-text elementor-field-group elementor-column elementor-field-group-company_name elementor-col-100 elementor-field-required\">\n\t\t\t\t\t\t\t\t\t\t\t\t<label for=\"form-field-company_name\" class=\"elementor-field-label elementor-screen-only\">\n\t\t\t\t\t\t\t\tIme kompanije\t\t\t\t\t\t\t<\/label>\n\t\t\t\t\t\t\t\t\t\t\t\t\t\t<input size=\"1\" type=\"text\" name=\"form_fields[company_name]\" id=\"form-field-company_name\" class=\"elementor-field elementor-size-sm  elementor-field-textual\" placeholder=\"Ime kompanije *\" required=\"required\">\n\t\t\t\t\t\t\t\t\t\t\t<\/div>\n\t\t\t\t\t\t\t\t<div class=\"elementor-field-type-tel elementor-field-group elementor-column elementor-field-group-phone elementor-col-100 elementor-field-required\">\n\t\t\t\t\t\t\t\t\t\t\t\t<label for=\"form-field-phone\" class=\"elementor-field-label elementor-screen-only\">\n\t\t\t\t\t\t\t\tMobilni broj telefona\t\t\t\t\t\t\t<\/label>\n\t\t\t\t\t\t\t\t<input size=\"1\" type=\"tel\" name=\"form_fields[phone]\" id=\"form-field-phone\" class=\"elementor-field elementor-size-sm  elementor-field-textual\" placeholder=\"Mobilni broj telefona *\" required=\"required\" pattern=\"[0-9()#&amp;+*-=.]+\" title=\"Only numbers and phone characters (#, -, *, etc) are accepted.\">\n\n\t\t\t\t\t\t<\/div>\n\t\t\t\t\t\t\t\t<div class=\"elementor-field-type-text elementor-field-group elementor-column elementor-field-group-company_website elementor-col-100 elementor-field-required\">\n\t\t\t\t\t\t\t\t\t\t\t\t<label for=\"form-field-company_website\" class=\"elementor-field-label elementor-screen-only\">\n\t\t\t\t\t\t\t\tWeb stranica kompanije\t\t\t\t\t\t\t<\/label>\n\t\t\t\t\t\t\t\t\t\t\t\t\t\t<input size=\"1\" type=\"text\" name=\"form_fields[company_website]\" id=\"form-field-company_website\" class=\"elementor-field elementor-size-sm  elementor-field-textual\" placeholder=\"Web stranica kompanije *\" required=\"required\">\n\t\t\t\t\t\t\t\t\t\t\t<\/div>\n\t\t\t\t\t\t\t\t<div class=\"elementor-field-type-email elementor-field-group elementor-column elementor-field-group-email elementor-col-100 elementor-field-required\">\n\t\t\t\t\t\t\t\t\t\t\t\t<label for=\"form-field-email\" class=\"elementor-field-label elementor-screen-only\">\n\t\t\t\t\t\t\t\tPoslovna e-mail adresa\t\t\t\t\t\t\t<\/label>\n\t\t\t\t\t\t\t\t\t\t\t\t\t\t<input size=\"1\" type=\"email\" name=\"form_fields[email]\" id=\"form-field-email\" class=\"elementor-field elementor-size-sm  elementor-field-textual\" placeholder=\"Poslovna e-mail adresa *\" required=\"required\">\n\t\t\t\t\t\t\t\t\t\t\t<\/div>\n\t\t\t\t\t\t\t\t<div class=\"elementor-field-type-text elementor-field-group elementor-column elementor-field-group-country elementor-col-100 elementor-field-required\">\n\t\t\t\t\t\t\t\t\t\t\t\t<label for=\"form-field-country\" class=\"elementor-field-label elementor-screen-only\">\n\t\t\t\t\t\t\t\tDr\u017eava\t\t\t\t\t\t\t<\/label>\n\t\t\t\t\t\t\t\t\t\t\t\t\t\t<input size=\"1\" type=\"text\" name=\"form_fields[country]\" id=\"form-field-country\" class=\"elementor-field elementor-size-sm  elementor-field-textual\" placeholder=\"Dr\u017eava *\" required=\"required\">\n\t\t\t\t\t\t\t\t\t\t\t<\/div>\n\t\t\t\t\t\t\t\t<div class=\"elementor-field-type-select elementor-field-group elementor-column elementor-field-group-company_sector elementor-col-100 elementor-field-required\">\n\t\t\t\t\t\t\t\t\t\t\t\t<label for=\"form-field-company_sector\" class=\"elementor-field-label elementor-screen-only\">\n\t\t\t\t\t\t\t\tSektor djelatnosti kompanije\t\t\t\t\t\t\t<\/label>\n\t\t\t\t\t\t\t\t<div class=\"elementor-field elementor-select-wrapper remove-before \">\n\t\t\t<div class=\"select-caret-down-wrapper\">\n\t\t\t\t<svg aria-hidden=\"true\" class=\"e-font-icon-svg e-eicon-caret-down\" viewBox=\"0 0 571.4 571.4\" xmlns=\"http:\/\/www.w3.org\/2000\/svg\"><path d=\"M571 393Q571 407 561 418L311 668Q300 679 286 679T261 668L11 418Q0 407 0 393T11 368 36 357H536Q550 357 561 368T571 393Z\"><\/path><\/svg>\t\t\t<\/div>\n\t\t\t<select name=\"form_fields[company_sector]\" id=\"form-field-company_sector\" class=\"elementor-field-textual elementor-size-sm\" required=\"required\">\n\t\t\t\t\t\t\t\t\t<option value=\"Sektor tvrtke *\">Sektor tvrtke *<\/option>\n\t\t\t\t\t\t\t\t\t<option value=\"Energetika\">Energetika<\/option>\n\t\t\t\t\t\t\t\t\t<option value=\"Gra\u0111evina\">Gra\u0111evina<\/option>\n\t\t\t\t\t\t\t\t\t<option value=\"Transport\">Transport<\/option>\n\t\t\t\t\t\t\t\t\t<option value=\"Obrazovanje\">Obrazovanje<\/option>\n\t\t\t\t\t\t\t\t\t<option value=\"Javni sektor\">Javni sektor<\/option>\n\t\t\t\t\t\t\t\t\t<option value=\"Ostalo\">Ostalo<\/option>\n\t\t\t\t\t\t\t<\/select>\n\t\t<\/div>\n\t\t\t\t\t\t<\/div>\n\t\t\t\t\t\t\t\t<div class=\"elementor-field-type-select elementor-field-group elementor-column elementor-field-group-areas_of_interest elementor-col-100 elementor-field-type-select-multiple elementor-field-required\">\n\t\t\t\t\t\t\t\t\t\t\t\t<label for=\"form-field-areas_of_interest\" class=\"elementor-field-label elementor-screen-only\">\n\t\t\t\t\t\t\t\tPodru\u010dje\/a interesa\t\t\t\t\t\t\t<\/label>\n\t\t\t\t\t\t\t\t<div class=\"elementor-field elementor-select-wrapper remove-before \">\n\t\t\t<div class=\"select-caret-down-wrapper\">\n\t\t\t\t\t\t\t<\/div>\n\t\t\t<select name=\"form_fields[areas_of_interest][]\" id=\"form-field-areas_of_interest\" class=\"elementor-field-textual elementor-size-sm\" required=\"required\" multiple=\"\">\n\t\t\t\t\t\t\t\t\t<option value=\"Podru\u010dja interesa *\">Podru\u010dja interesa *<\/option>\n\t\t\t\t\t\t\t\t\t<option value=\"Solarna energija\">Solarna energija<\/option>\n\t\t\t\t\t\t\t\t\t<option value=\"Baterijski spremnici\">Baterijski spremnici<\/option>\n\t\t\t\t\t\t\t\t\t<option value=\"HVAC\">HVAC<\/option>\n\t\t\t\t\t\t\t\t\t<option value=\"E-mobilnost\">E-mobilnost<\/option>\n\t\t\t\t\t\t\t\t\t<option value=\"Energija vjetra\">Energija vjetra<\/option>\n\t\t\t\t\t\t\t\t\t<option value=\"Geotermalna energija\">Geotermalna energija<\/option>\n\t\t\t\t\t\t\t\t\t<option value=\"Pametna ku\u0107anstva\">Pametna ku\u0107anstva<\/option>\n\t\t\t\t\t\t\t<\/select>\n\t\t<\/div>\n\t\t\t\t\t\t<\/div>\n\t\t\t\t\t\t\t\t<div class=\"elementor-field-type-select elementor-field-group elementor-column elementor-field-group-b2b_contact elementor-col-100\">\n\t\t\t\t\t\t\t\t\t\t\t\t<label for=\"form-field-b2b_contact\" class=\"elementor-field-label elementor-screen-only\">\n\t\t\t\t\t\t\t\t\u017delite li biti kontaktirani o budu\u0107im B2B prilikama ili opcijama za izlaga\u010de?\t\t\t\t\t\t\t<\/label>\n\t\t\t\t\t\t\t\t<div class=\"elementor-field elementor-select-wrapper remove-before \">\n\t\t\t<div class=\"select-caret-down-wrapper\">\n\t\t\t\t<svg aria-hidden=\"true\" class=\"e-font-icon-svg e-eicon-caret-down\" viewBox=\"0 0 571.4 571.4\" xmlns=\"http:\/\/www.w3.org\/2000\/svg\"><path d=\"M571 393Q571 407 561 418L311 668Q300 679 286 679T261 668L11 418Q0 407 0 393T11 368 36 357H536Q550 357 561 368T571 393Z\"><\/path><\/svg>\t\t\t<\/div>\n\t\t\t<select name=\"form_fields[b2b_contact]\" id=\"form-field-b2b_contact\" class=\"elementor-field-textual elementor-size-sm\">\n\t\t\t\t\t\t\t\t\t<option value=\"\u017delite li biti kontaktirani o budu\u0107im B2b prilikama ili izlaga\u010dkim opcijama?\">\u017delite li biti kontaktirani o budu\u0107im B2b prilikama ili izlaga\u010dkim opcijama?<\/option>\n\t\t\t\t\t\t\t\t\t<option value=\"Da\">Da<\/option>\n\t\t\t\t\t\t\t\t\t<option value=\"Ne\">Ne<\/option>\n\t\t\t\t\t\t\t<\/select>\n\t\t<\/div>\n\t\t\t\t\t\t<\/div>\n\t\t\t\t\t\t\t\t<div class=\"elementor-field-type-textarea elementor-field-group elementor-column elementor-field-group-message elementor-col-100\">\n\t\t\t\t\t\t\t\t\t\t\t\t<label for=\"form-field-message\" class=\"elementor-field-label elementor-screen-only\">\n\t\t\t\t\t\t\t\tKomentar \t\t\t\t\t\t\t<\/label>\n\t\t\t\t\t\t<textarea class=\"elementor-field-textual elementor-field  elementor-size-sm\" name=\"form_fields[message]\" id=\"form-field-message\" rows=\"4\" placeholder=\"Komentar \"><\/textarea>\t\t\t\t<\/div>\n\t\t\t\t\t\t\t\t<div class=\"elementor-field-type-acceptance elementor-field-group elementor-column elementor-field-group-field_b1e6a88 elementor-col-100 elementor-field-required\">\n\t\t\t\t\t\t\t<div class=\"elementor-field-subgroup\">\n\t\t\t<span class=\"elementor-field-option\">\n\t\t\t\t<input type=\"checkbox\" name=\"form_fields[field_b1e6a88]\" id=\"form-field-field_b1e6a88\" class=\"elementor-field elementor-size-sm  elementor-acceptance-field\" required=\"required\">\n\t\t\t\t<label for=\"form-field-field_b1e6a88\"><span>Pristajem da se moji podatci i informacije o kompaniji pohranjuju te dijele sa sponzorima i izlaga\u010dima. Ujedno, pristajem primiti slu\u017ebene materijala doga\u0111aje kao \u0161to su sa\u017eeci doga\u0111aja, newsletter ili pozivnice. <span class=\"mark\">*<\/span> <\/span><\/label>\t\t\t<\/span>\n\t\t<\/div>\n\t\t\t\t\t\t<\/div>\n\t\t\t\t\t\t\t\t<div class=\"elementor-field-type-acceptance elementor-field-group elementor-column elementor-field-group-participation_rules elementor-col-100 elementor-field-required\">\n\t\t\t\t\t\t\t<div class=\"elementor-field-subgroup\">\n\t\t\t<span class=\"elementor-field-option\">\n\t\t\t\t<input type=\"checkbox\" name=\"form_fields[participation_rules]\" id=\"form-field-participation_rules\" class=\"elementor-field elementor-size-sm  elementor-acceptance-field\" required=\"required\">\n\t\t\t\t<label for=\"form-field-participation_rules\"><span>Prihva\u0107am <a href=\"https:\/\/zg-gef.com\/2025\/hr\/pravila-sudjelovanja\/\" target=\"_blank\">pravila sudjelovanja<\/a> na Sajmu zelene energije <span class=\"mark\">*<\/span><\/span><\/label>\t\t\t<\/span>\n\t\t<\/div>\n\t\t\t\t\t\t<\/div>\n\t\t\t\t\t\t\t\t<div class=\"elementor-field-type-recaptcha_v3 elementor-field-group elementor-column elementor-field-group-field_9b681bd elementor-col-100 recaptcha_v3-bottomright\">\n\t\t\t\t\t<div class=\"elementor-field\" id=\"form-field-field_9b681bd\"><div class=\"elementor-g-recaptcha\" data-sitekey=\"6Lf9dJ0rAAAAAAoQx2yRM4rsi4DT-QCkOa2MhZib\" data-type=\"v3\" data-action=\"Form\" data-badge=\"bottomright\" data-size=\"invisible\"><\/div><\/div>\t\t\t\t<\/div>\n\t\t\t\t\t\t\t\t<div class=\"elementor-field-group elementor-column elementor-field-type-submit elementor-col-100 e-form__buttons\">\n\t\t\t\t\t<button class=\"elementor-button elementor-size-sm\" type=\"submit\">\n\t\t\t\t\t\t<span class=\"elementor-button-content-wrapper\">\n\t\t\t\t\t\t\t\t\t\t\t\t\t\t\t\t\t\t\t\t\t\t<span class=\"elementor-button-text\">Potvrdi<\/span>\n\t\t\t\t\t\t\t\t\t\t\t\t\t<\/span>\n\t\t\t\t\t<\/button>\n\t\t\t\t<\/div>\n\t\t\t<\/div>\n\t\t<\/form>\n\t\t\t\t\t\t<\/div>\n\t\t\t\t\t<\/div>\n\t\t\t\t<\/section>\n\t\t\t\t<\/div>\n\t\t","protected":false},"excerpt":{"rendered":"<p>Registrirajte se za propusnicu<\/p>\n","protected":false},"author":1,"featured_media":0,"parent":0,"menu_order":0,"comment_status":"closed","ping_status":"closed","template":"","meta":{"_acf_changed":false,"footnotes":""},"class_list":["post-1151","page","type-page","status-publish","hentry"],"acf":[],"yoast_head":"<!-- This site is optimized with the Yoast SEO Premium plugin v23.7 (Yoast SEO v26.9) - https:\/\/yoast.com\/product\/yoast-seo-premium-wordpress\/ -->\n<title>Predstavnik tvrtke\/organizacije - GEF - Green Energy Fair Zagreb<\/title>\n<meta name=\"description\" content=\"A two-day event that makes Zagreb the epicenter of green energy innovation held in the most monumental facility in Zagreb \u2013 Arena Zagreb.\" \/>\n<meta name=\"robots\" content=\"index, follow, max-snippet:-1, max-image-preview:large, max-video-preview:-1\" \/>\n<link rel=\"canonical\" href=\"https:\/\/zg-gef.com\/2025\/company\/\" \/>\n<meta property=\"og:locale\" content=\"hr_HR\" \/>\n<meta property=\"og:type\" content=\"article\" \/>\n<meta property=\"og:title\" content=\"Predstavnik tvrtke\/organizacije\" \/>\n<meta property=\"og:description\" content=\"A two-day event that makes Zagreb the epicenter of green energy innovation held in the most monumental facility in Zagreb \u2013 Arena Zagreb.\" \/>\n<meta property=\"og:url\" content=\"https:\/\/zg-gef.com\/2025\/company\/\" \/>\n<meta property=\"og:site_name\" content=\"GEF - Green Energy Fair Zagreb\" \/>\n<meta property=\"article:modified_time\" content=\"2025-10-13T10:45:13+00:00\" \/>\n<meta name=\"twitter:card\" content=\"summary_large_image\" \/>\n<meta name=\"twitter:label1\" content=\"Procijenjeno vrijeme \u010ditanja\" \/>\n\t<meta name=\"twitter:data1\" content=\"1 minuta\" \/>\n<script type=\"application\/ld+json\" class=\"yoast-schema-graph\">{\"@context\":\"https:\/\/schema.org\",\"@graph\":[{\"@type\":\"WebPage\",\"@id\":\"https:\/\/zg-gef.com\/2025\/company\/\",\"url\":\"https:\/\/zg-gef.com\/2025\/company\/\",\"name\":\"Predstavnik tvrtke\/organizacije - GEF - Green Energy Fair Zagreb\",\"isPartOf\":{\"@id\":\"https:\/\/zg-gef.com\/2025\/#website\"},\"datePublished\":\"2025-07-08T11:06:06+00:00\",\"dateModified\":\"2025-10-13T10:45:13+00:00\",\"description\":\"A two-day event that makes Zagreb the epicenter of green energy innovation held in the most monumental facility in Zagreb \u2013 Arena Zagreb.\",\"breadcrumb\":{\"@id\":\"https:\/\/zg-gef.com\/2025\/company\/#breadcrumb\"},\"inLanguage\":\"hr\",\"potentialAction\":[{\"@type\":\"ReadAction\",\"target\":[\"https:\/\/zg-gef.com\/2025\/company\/\"]}]},{\"@type\":\"BreadcrumbList\",\"@id\":\"https:\/\/zg-gef.com\/2025\/company\/#breadcrumb\",\"itemListElement\":[{\"@type\":\"ListItem\",\"position\":1,\"name\":\"Home\",\"item\":\"https:\/\/zg-gef.com\/2025\/\"},{\"@type\":\"ListItem\",\"position\":2,\"name\":\"Predstavnik tvrtke\/organizacije\"}]},{\"@type\":\"WebSite\",\"@id\":\"https:\/\/zg-gef.com\/2025\/#website\",\"url\":\"https:\/\/zg-gef.com\/2025\/\",\"name\":\"GEF - Green Energy Fair Zagreb\",\"description\":\"\",\"publisher\":{\"@id\":\"https:\/\/zg-gef.com\/2025\/#organization\"},\"potentialAction\":[{\"@type\":\"SearchAction\",\"target\":{\"@type\":\"EntryPoint\",\"urlTemplate\":\"https:\/\/zg-gef.com\/2025\/?s={search_term_string}\"},\"query-input\":{\"@type\":\"PropertyValueSpecification\",\"valueRequired\":true,\"valueName\":\"search_term_string\"}}],\"inLanguage\":\"hr\"},{\"@type\":\"Organization\",\"@id\":\"https:\/\/zg-gef.com\/2025\/#organization\",\"name\":\"GEF - Green Energy Fair Zagreb\",\"url\":\"https:\/\/zg-gef.com\/2025\/\",\"logo\":{\"@type\":\"ImageObject\",\"inLanguage\":\"hr\",\"@id\":\"https:\/\/zg-gef.com\/2025\/#\/schema\/logo\/image\/\",\"url\":\"http:\/\/zg-gef.com\/2025\/wp-content\/uploads\/2025\/08\/input-onlinepngtools.png\",\"contentUrl\":\"http:\/\/zg-gef.com\/2025\/wp-content\/uploads\/2025\/08\/input-onlinepngtools.png\",\"width\":595,\"height\":595,\"caption\":\"GEF - Green Energy Fair Zagreb\"},\"image\":{\"@id\":\"https:\/\/zg-gef.com\/2025\/#\/schema\/logo\/image\/\"},\"sameAs\":[\"https:\/\/www.linkedin.com\/company\/105140846\",\"https:\/\/www.instagram.com\/greenenergyfair?igsh=MWVxcWJ5NjkzZ2RiMg==\"]}]}<\/script>\n<!-- \/ Yoast SEO Premium plugin. -->","yoast_head_json":{"title":"Predstavnik tvrtke\/organizacije - GEF - Green Energy Fair Zagreb","description":"A two-day event that makes Zagreb the epicenter of green energy innovation held in the most monumental facility in Zagreb \u2013 Arena Zagreb.","robots":{"index":"index","follow":"follow","max-snippet":"max-snippet:-1","max-image-preview":"max-image-preview:large","max-video-preview":"max-video-preview:-1"},"canonical":"https:\/\/zg-gef.com\/2025\/company\/","og_locale":"hr_HR","og_type":"article","og_title":"Predstavnik tvrtke\/organizacije","og_description":"A two-day event that makes Zagreb the epicenter of green energy innovation held in the most monumental facility in Zagreb \u2013 Arena Zagreb.","og_url":"https:\/\/zg-gef.com\/2025\/company\/","og_site_name":"GEF - Green Energy Fair Zagreb","article_modified_time":"2025-10-13T10:45:13+00:00","twitter_card":"summary_large_image","twitter_misc":{"Procijenjeno vrijeme \u010ditanja":"1 minuta"},"schema":{"@context":"https:\/\/schema.org","@graph":[{"@type":"WebPage","@id":"https:\/\/zg-gef.com\/2025\/company\/","url":"https:\/\/zg-gef.com\/2025\/company\/","name":"Predstavnik tvrtke\/organizacije - GEF - Green Energy Fair Zagreb","isPartOf":{"@id":"https:\/\/zg-gef.com\/2025\/#website"},"datePublished":"2025-07-08T11:06:06+00:00","dateModified":"2025-10-13T10:45:13+00:00","description":"A two-day event that makes Zagreb the epicenter of green energy innovation held in the most monumental facility in Zagreb \u2013 Arena Zagreb.","breadcrumb":{"@id":"https:\/\/zg-gef.com\/2025\/company\/#breadcrumb"},"inLanguage":"hr","potentialAction":[{"@type":"ReadAction","target":["https:\/\/zg-gef.com\/2025\/company\/"]}]},{"@type":"BreadcrumbList","@id":"https:\/\/zg-gef.com\/2025\/company\/#breadcrumb","itemListElement":[{"@type":"ListItem","position":1,"name":"Home","item":"https:\/\/zg-gef.com\/2025\/"},{"@type":"ListItem","position":2,"name":"Predstavnik tvrtke\/organizacije"}]},{"@type":"WebSite","@id":"https:\/\/zg-gef.com\/2025\/#website","url":"https:\/\/zg-gef.com\/2025\/","name":"GEF - Green Energy Fair Zagreb","description":"","publisher":{"@id":"https:\/\/zg-gef.com\/2025\/#organization"},"potentialAction":[{"@type":"SearchAction","target":{"@type":"EntryPoint","urlTemplate":"https:\/\/zg-gef.com\/2025\/?s={search_term_string}"},"query-input":{"@type":"PropertyValueSpecification","valueRequired":true,"valueName":"search_term_string"}}],"inLanguage":"hr"},{"@type":"Organization","@id":"https:\/\/zg-gef.com\/2025\/#organization","name":"GEF - Green Energy Fair Zagreb","url":"https:\/\/zg-gef.com\/2025\/","logo":{"@type":"ImageObject","inLanguage":"hr","@id":"https:\/\/zg-gef.com\/2025\/#\/schema\/logo\/image\/","url":"http:\/\/zg-gef.com\/2025\/wp-content\/uploads\/2025\/08\/input-onlinepngtools.png","contentUrl":"http:\/\/zg-gef.com\/2025\/wp-content\/uploads\/2025\/08\/input-onlinepngtools.png","width":595,"height":595,"caption":"GEF - Green Energy Fair Zagreb"},"image":{"@id":"https:\/\/zg-gef.com\/2025\/#\/schema\/logo\/image\/"},"sameAs":["https:\/\/www.linkedin.com\/company\/105140846","https:\/\/www.instagram.com\/greenenergyfair?igsh=MWVxcWJ5NjkzZ2RiMg=="]}]}},"_links":{"self":[{"href":"https:\/\/zg-gef.com\/2025\/hr\/wp-json\/wp\/v2\/pages\/1151","targetHints":{"allow":["GET"]}}],"collection":[{"href":"https:\/\/zg-gef.com\/2025\/hr\/wp-json\/wp\/v2\/pages"}],"about":[{"href":"https:\/\/zg-gef.com\/2025\/hr\/wp-json\/wp\/v2\/types\/page"}],"author":[{"embeddable":true,"href":"https:\/\/zg-gef.com\/2025\/hr\/wp-json\/wp\/v2\/users\/1"}],"replies":[{"embeddable":true,"href":"https:\/\/zg-gef.com\/2025\/hr\/wp-json\/wp\/v2\/comments?post=1151"}],"version-history":[{"count":16,"href":"https:\/\/zg-gef.com\/2025\/hr\/wp-json\/wp\/v2\/pages\/1151\/revisions"}],"predecessor-version":[{"id":3457,"href":"https:\/\/zg-gef.com\/2025\/hr\/wp-json\/wp\/v2\/pages\/1151\/revisions\/3457"}],"wp:attachment":[{"href":"https:\/\/zg-gef.com\/2025\/hr\/wp-json\/wp\/v2\/media?parent=1151"}],"curies":[{"name":"wp","href":"https:\/\/api.w.org\/{rel}","templated":true}]}}