{"id":3835,"date":"2025-10-26T15:48:52","date_gmt":"2025-10-26T15:48:52","guid":{"rendered":"https:\/\/zg-gef.com\/2025\/program\/"},"modified":"2025-10-29T12:48:52","modified_gmt":"2025-10-29T12:48:52","slug":"program","status":"publish","type":"page","link":"https:\/\/zg-gef.com\/2025\/hr\/program\/","title":{"rendered":"Program"},"content":{"rendered":"\t\t<div data-elementor-type=\"wp-page\" data-elementor-id=\"3835\" class=\"elementor elementor-3835 elementor-3805\" data-elementor-post-type=\"page\">\n\t\t\t\t<div class=\"elementor-element elementor-element-8131857 e-flex e-con-boxed e-con e-child\" data-id=\"8131857\" data-element_type=\"container\" data-e-type=\"container\">\n\t\t\t\t\t<div class=\"e-con-inner\">\n\t\t\t\t<div class=\"elementor-element elementor-element-0620826 elementor-widget elementor-widget-heading\" data-id=\"0620826\" data-element_type=\"widget\" data-e-type=\"widget\" data-widget_type=\"heading.default\">\n\t\t\t\t\t<h2 class=\"elementor-heading-title elementor-size-default\">Program<\/h2>\t\t\t\t<\/div>\n\t\t<div class=\"elementor-element elementor-element-ac0a785 e-con-full e-flex e-con e-child\" data-id=\"ac0a785\" data-element_type=\"container\" data-e-type=\"container\">\n\t\t<div class=\"elementor-element elementor-element-9a821e6 e-con-full e-flex e-con e-child\" data-id=\"9a821e6\" data-element_type=\"container\" data-e-type=\"container\">\n\t\t\t\t<div class=\"elementor-element elementor-element-76145c6 e-n-tabs-mobile elementor-widget elementor-widget-n-tabs\" data-id=\"76145c6\" data-element_type=\"widget\" data-e-type=\"widget\" data-settings=\"{&quot;tabs_justify_horizontal&quot;:&quot;start&quot;,&quot;horizontal_scroll&quot;:&quot;disable&quot;}\" data-widget_type=\"nested-tabs.default\">\n\t\t\t\t\t\t\t<div class=\"e-n-tabs\" data-widget-number=\"123815366\" aria-label=\"Tabulatori. Otvorite stavke pomo\u0107u Enter ili Space, zatvorite pomo\u0107u Escapea i kre\u0107ite se pomo\u0107u tipki sa strelicama.\">\n\t\t\t<div class=\"e-n-tabs-heading\" role=\"tablist\">\n\t\t\t\t\t<button id=\"e-n-tab-title-1238153661\" data-tab-title-id=\"e-n-tab-title-1238153661\" class=\"e-n-tab-title\" aria-selected=\"true\" data-tab-index=\"1\" role=\"tab\" tabindex=\"0\" aria-controls=\"e-n-tab-content-1238153661\" style=\"--n-tabs-title-order: 1;\">\n\t\t\t\t\t\t<span class=\"e-n-tab-title-text\">\n\t\t\t\tSrijeda\t\t\t<\/span>\n\t\t<\/button>\n\t\t\t\t<button id=\"e-n-tab-title-1238153662\" data-tab-title-id=\"e-n-tab-title-1238153662\" class=\"e-n-tab-title\" aria-selected=\"false\" data-tab-index=\"2\" role=\"tab\" tabindex=\"-1\" aria-controls=\"e-n-tab-content-1238153662\" style=\"--n-tabs-title-order: 2;\">\n\t\t\t\t\t\t<span class=\"e-n-tab-title-text\">\n\t\t\t\t\u010cetvrtak\t\t\t<\/span>\n\t\t<\/button>\n\t\t\t\t\t<\/div>\n\t\t\t<div class=\"e-n-tabs-content\">\n\t\t\t\t<div id=\"e-n-tab-content-1238153661\" role=\"tabpanel\" aria-labelledby=\"e-n-tab-title-1238153661\" data-tab-index=\"1\" style=\"--n-tabs-title-order: 1;\" class=\"e-active elementor-element elementor-element-e151cf7 e-con-full e-flex e-con e-child\" data-id=\"e151cf7\" data-element_type=\"container\" data-e-type=\"container\">\n\t\t\t\t<div class=\"elementor-element elementor-element-1cd99de elementor-widget elementor-widget-heading\" data-id=\"1cd99de\" data-element_type=\"widget\" data-e-type=\"widget\" data-widget_type=\"heading.default\">\n\t\t\t\t\t<span class=\"elementor-heading-title elementor-size-default\">Glavna pozornica<\/span>\t\t\t\t<\/div>\n\t\t\t\t<div class=\"elementor-element elementor-element-36413c0 elementor-widget__width-inherit agenda elementor-widget elementor-widget-image\" data-id=\"36413c0\" data-element_type=\"widget\" data-e-type=\"widget\" data-widget_type=\"image.default\">\n\t\t\t\t\t\t\t\t\t\t\t\t\t\t\t<img fetchpriority=\"high\" decoding=\"async\" width=\"965\" height=\"1984\" src=\"https:\/\/zg-gef.com\/2025\/wp-content\/uploads\/2025\/10\/promena-d2-m.svg\" class=\"attachment-full size-full wp-image-3946\" alt=\"\" \/>\t\t\t\t\t\t\t\t\t\t\t\t\t\t\t<\/div>\n\t\t\t\t<div class=\"elementor-element elementor-element-0ad02b5 elementor-widget elementor-widget-spacer\" data-id=\"0ad02b5\" data-element_type=\"widget\" data-e-type=\"widget\" data-widget_type=\"spacer.default\">\n\t\t\t\t\t\t\t<div class=\"elementor-spacer\">\n\t\t\t<div class=\"elementor-spacer-inner\"><\/div>\n\t\t<\/div>\n\t\t\t\t\t\t<\/div>\n\t\t\t\t<div class=\"elementor-element elementor-element-34c07b5 elementor-widget elementor-widget-heading\" data-id=\"34c07b5\" data-element_type=\"widget\" data-e-type=\"widget\" data-widget_type=\"heading.default\">\n\t\t\t\t\t<span class=\"elementor-heading-title elementor-size-default\">Dodatna dvorana 1<\/span>\t\t\t\t<\/div>\n\t\t\t\t<div class=\"elementor-element elementor-element-f23d063 elementor-widget__width-inherit agenda elementor-widget elementor-widget-image\" data-id=\"f23d063\" data-element_type=\"widget\" data-e-type=\"widget\" data-widget_type=\"image.default\">\n\t\t\t\t\t\t\t\t\t\t\t\t\t\t\t<img decoding=\"async\" width=\"961\" height=\"311\" src=\"https:\/\/zg-gef.com\/2025\/wp-content\/uploads\/2025\/10\/d1-d1.svg\" class=\"attachment-full size-full wp-image-3883\" alt=\"\" \/>\t\t\t\t\t\t\t\t\t\t\t\t\t\t\t<\/div>\n\t\t\t\t<div class=\"elementor-element elementor-element-a9e2f9b elementor-widget elementor-widget-spacer\" data-id=\"a9e2f9b\" data-element_type=\"widget\" data-e-type=\"widget\" data-widget_type=\"spacer.default\">\n\t\t\t\t\t\t\t<div class=\"elementor-spacer\">\n\t\t\t<div class=\"elementor-spacer-inner\"><\/div>\n\t\t<\/div>\n\t\t\t\t\t\t<\/div>\n\t\t\t\t<div class=\"elementor-element elementor-element-0bdfb08 elementor-widget elementor-widget-heading\" data-id=\"0bdfb08\" data-element_type=\"widget\" data-e-type=\"widget\" data-widget_type=\"heading.default\">\n\t\t\t\t\t<span class=\"elementor-heading-title elementor-size-default\">Dodatna dvorana 2<\/span>\t\t\t\t<\/div>\n\t\t\t\t<div class=\"elementor-element elementor-element-a4c31b1 elementor-widget__width-inherit agenda elementor-widget elementor-widget-image\" data-id=\"a4c31b1\" data-element_type=\"widget\" data-e-type=\"widget\" data-widget_type=\"image.default\">\n\t\t\t\t\t\t\t\t\t\t\t\t\t\t\t<img decoding=\"async\" width=\"961\" height=\"476\" src=\"https:\/\/zg-gef.com\/2025\/wp-content\/uploads\/2025\/10\/d1-d2.svg\" class=\"attachment-full size-full wp-image-3885\" alt=\"\" \/>\t\t\t\t\t\t\t\t\t\t\t\t\t\t\t<\/div>\n\t\t\t\t<\/div>\n\t\t<div id=\"e-n-tab-content-1238153662\" role=\"tabpanel\" aria-labelledby=\"e-n-tab-title-1238153662\" data-tab-index=\"2\" style=\"--n-tabs-title-order: 2;\" class=\" elementor-element elementor-element-c1f94aa e-con-full e-flex e-con e-child\" data-id=\"c1f94aa\" data-element_type=\"container\" data-e-type=\"container\">\n\t\t\t\t<div class=\"elementor-element elementor-element-8d660c9 elementor-widget elementor-widget-heading\" data-id=\"8d660c9\" data-element_type=\"widget\" data-e-type=\"widget\" data-widget_type=\"heading.default\">\n\t\t\t\t\t<span class=\"elementor-heading-title elementor-size-default\">Glavna pozornica<\/span>\t\t\t\t<\/div>\n\t\t\t\t<div class=\"elementor-element elementor-element-d0a576f elementor-widget__width-inherit agenda elementor-widget elementor-widget-image\" data-id=\"d0a576f\" data-element_type=\"widget\" data-e-type=\"widget\" data-widget_type=\"image.default\">\n\t\t\t\t\t\t\t\t\t\t\t\t\t\t\t<img loading=\"lazy\" decoding=\"async\" width=\"965\" height=\"1984\" src=\"https:\/\/zg-gef.com\/2025\/wp-content\/uploads\/2025\/10\/d2-g.svg\" class=\"attachment-full size-full wp-image-3887\" alt=\"\" \/>\t\t\t\t\t\t\t\t\t\t\t\t\t\t\t<\/div>\n\t\t\t\t<div class=\"elementor-element elementor-element-8841eea elementor-widget elementor-widget-spacer\" data-id=\"8841eea\" data-element_type=\"widget\" data-e-type=\"widget\" data-widget_type=\"spacer.default\">\n\t\t\t\t\t\t\t<div class=\"elementor-spacer\">\n\t\t\t<div class=\"elementor-spacer-inner\"><\/div>\n\t\t<\/div>\n\t\t\t\t\t\t<\/div>\n\t\t\t\t<div class=\"elementor-element elementor-element-4462ea1 elementor-widget elementor-widget-heading\" data-id=\"4462ea1\" data-element_type=\"widget\" data-e-type=\"widget\" data-widget_type=\"heading.default\">\n\t\t\t\t\t<span class=\"elementor-heading-title elementor-size-default\">Dodatna dvorana 1<\/span>\t\t\t\t<\/div>\n\t\t\t\t<div class=\"elementor-element elementor-element-436272f elementor-widget__width-inherit agenda elementor-widget elementor-widget-image\" data-id=\"436272f\" data-element_type=\"widget\" data-e-type=\"widget\" data-widget_type=\"image.default\">\n\t\t\t\t\t\t\t\t\t\t\t\t\t\t\t<img loading=\"lazy\" decoding=\"async\" width=\"965\" height=\"354\" src=\"https:\/\/zg-gef.com\/2025\/wp-content\/uploads\/2025\/10\/d2-d1.svg\" class=\"attachment-full size-full wp-image-3889\" alt=\"\" \/>\t\t\t\t\t\t\t\t\t\t\t\t\t\t\t<\/div>\n\t\t\t\t<div class=\"elementor-element elementor-element-ad004c4 elementor-widget elementor-widget-spacer\" data-id=\"ad004c4\" data-element_type=\"widget\" data-e-type=\"widget\" data-widget_type=\"spacer.default\">\n\t\t\t\t\t\t\t<div class=\"elementor-spacer\">\n\t\t\t<div class=\"elementor-spacer-inner\"><\/div>\n\t\t<\/div>\n\t\t\t\t\t\t<\/div>\n\t\t\t\t<div class=\"elementor-element elementor-element-ff75034 elementor-widget elementor-widget-heading\" data-id=\"ff75034\" data-element_type=\"widget\" data-e-type=\"widget\" data-widget_type=\"heading.default\">\n\t\t\t\t\t<span class=\"elementor-heading-title elementor-size-default\">Dodatna dvorana 2<\/span>\t\t\t\t<\/div>\n\t\t\t\t<div class=\"elementor-element elementor-element-d00fbaa elementor-widget__width-inherit agenda elementor-widget elementor-widget-image\" data-id=\"d00fbaa\" data-element_type=\"widget\" data-e-type=\"widget\" data-widget_type=\"image.default\">\n\t\t\t\t\t\t\t\t\t\t\t\t\t\t\t<img loading=\"lazy\" decoding=\"async\" width=\"961\" height=\"390\" src=\"https:\/\/zg-gef.com\/2025\/wp-content\/uploads\/2025\/10\/d2-d2.svg\" class=\"attachment-full size-full wp-image-3891\" alt=\"\" \/>\t\t\t\t\t\t\t\t\t\t\t\t\t\t\t<\/div>\n\t\t\t\t<\/div>\n\t\t\t\t\t<\/div>\n\t\t<\/div>\n\t\t\t\t\t\t<\/div>\n\t\t\t\t<\/div>\n\t\t\t\t<\/div>\n\t\t\t\t\t<\/div>\n\t\t\t\t<\/div>\n\t\t\t\t<\/div>\n\t\t","protected":false},"excerpt":{"rendered":"<p>Program Srijeda \u010cetvrtak Glavna pozornica Dodatna dvorana 1 Dodatna dvorana 2 Glavna pozornica Dodatna dvorana 1 Dodatna dvorana 2 Glavna pozornica Dodatna dvorana 1 Dodatna dvorana 2 Glavna pozornica Dodatna dvorana 1 Dodatna dvorana 2<\/p>\n","protected":false},"author":1,"featured_media":0,"parent":0,"menu_order":0,"comment_status":"closed","ping_status":"closed","template":"","meta":{"_acf_changed":false,"footnotes":""},"class_list":["post-3835","page","type-page","status-publish","hentry"],"acf":[],"yoast_head":"<!-- This site is optimized with the Yoast SEO Premium plugin v23.7 (Yoast SEO v26.9) - https:\/\/yoast.com\/product\/yoast-seo-premium-wordpress\/ -->\n<title>Program - GEF - Green Energy Fair Zagreb<\/title>\n<meta name=\"description\" content=\"A two-day event that makes Zagreb the epicenter of green energy innovation held in the most monumental facility in Zagreb \u2013 Arena Zagreb.\" \/>\n<meta name=\"robots\" content=\"index, follow, max-snippet:-1, max-image-preview:large, max-video-preview:-1\" \/>\n<link rel=\"canonical\" href=\"https:\/\/zg-gef.com\/2025\/schedule\/\" \/>\n<meta property=\"og:locale\" content=\"hr_HR\" \/>\n<meta property=\"og:type\" content=\"article\" \/>\n<meta property=\"og:title\" content=\"Program\" \/>\n<meta property=\"og:description\" content=\"A two-day event that makes Zagreb the epicenter of green energy innovation held in the most monumental facility in Zagreb \u2013 Arena Zagreb.\" \/>\n<meta property=\"og:url\" content=\"https:\/\/zg-gef.com\/2025\/schedule\/\" \/>\n<meta property=\"og:site_name\" content=\"GEF - Green Energy Fair Zagreb\" \/>\n<meta property=\"article:modified_time\" content=\"2025-10-29T12:48:52+00:00\" \/>\n<meta property=\"og:image\" content=\"http:\/\/zg-gef.com\/2025\/wp-content\/uploads\/2025\/10\/promena-d2-m.svg\" \/>\n<meta name=\"twitter:card\" content=\"summary_large_image\" \/>\n<meta name=\"twitter:label1\" content=\"Procijenjeno vrijeme \u010ditanja\" \/>\n\t<meta name=\"twitter:data1\" content=\"2 minute\" \/>\n<script type=\"application\/ld+json\" class=\"yoast-schema-graph\">{\"@context\":\"https:\/\/schema.org\",\"@graph\":[{\"@type\":\"WebPage\",\"@id\":\"https:\/\/zg-gef.com\/2025\/schedule\/\",\"url\":\"https:\/\/zg-gef.com\/2025\/schedule\/\",\"name\":\"Program - GEF - Green Energy Fair Zagreb\",\"isPartOf\":{\"@id\":\"https:\/\/zg-gef.com\/2025\/#website\"},\"primaryImageOfPage\":{\"@id\":\"https:\/\/zg-gef.com\/2025\/schedule\/#primaryimage\"},\"image\":{\"@id\":\"https:\/\/zg-gef.com\/2025\/schedule\/#primaryimage\"},\"thumbnailUrl\":\"http:\/\/zg-gef.com\/2025\/wp-content\/uploads\/2025\/10\/promena-d2-m.svg\",\"datePublished\":\"2025-10-26T15:48:52+00:00\",\"dateModified\":\"2025-10-29T12:48:52+00:00\",\"description\":\"A two-day event that makes Zagreb the epicenter of green energy innovation held in the most monumental facility in Zagreb \u2013 Arena Zagreb.\",\"breadcrumb\":{\"@id\":\"https:\/\/zg-gef.com\/2025\/schedule\/#breadcrumb\"},\"inLanguage\":\"hr\",\"potentialAction\":[{\"@type\":\"ReadAction\",\"target\":[\"https:\/\/zg-gef.com\/2025\/schedule\/\"]}]},{\"@type\":\"ImageObject\",\"inLanguage\":\"hr\",\"@id\":\"https:\/\/zg-gef.com\/2025\/schedule\/#primaryimage\",\"url\":\"http:\/\/zg-gef.com\/2025\/wp-content\/uploads\/2025\/10\/promena-d2-m.svg\",\"contentUrl\":\"http:\/\/zg-gef.com\/2025\/wp-content\/uploads\/2025\/10\/promena-d2-m.svg\"},{\"@type\":\"BreadcrumbList\",\"@id\":\"https:\/\/zg-gef.com\/2025\/schedule\/#breadcrumb\",\"itemListElement\":[{\"@type\":\"ListItem\",\"position\":1,\"name\":\"Home\",\"item\":\"https:\/\/zg-gef.com\/2025\/\"},{\"@type\":\"ListItem\",\"position\":2,\"name\":\"Program\"}]},{\"@type\":\"WebSite\",\"@id\":\"https:\/\/zg-gef.com\/2025\/#website\",\"url\":\"https:\/\/zg-gef.com\/2025\/\",\"name\":\"GEF - Green Energy Fair Zagreb\",\"description\":\"\",\"publisher\":{\"@id\":\"https:\/\/zg-gef.com\/2025\/#organization\"},\"potentialAction\":[{\"@type\":\"SearchAction\",\"target\":{\"@type\":\"EntryPoint\",\"urlTemplate\":\"https:\/\/zg-gef.com\/2025\/?s={search_term_string}\"},\"query-input\":{\"@type\":\"PropertyValueSpecification\",\"valueRequired\":true,\"valueName\":\"search_term_string\"}}],\"inLanguage\":\"hr\"},{\"@type\":\"Organization\",\"@id\":\"https:\/\/zg-gef.com\/2025\/#organization\",\"name\":\"GEF - Green Energy Fair Zagreb\",\"url\":\"https:\/\/zg-gef.com\/2025\/\",\"logo\":{\"@type\":\"ImageObject\",\"inLanguage\":\"hr\",\"@id\":\"https:\/\/zg-gef.com\/2025\/#\/schema\/logo\/image\/\",\"url\":\"http:\/\/zg-gef.com\/2025\/wp-content\/uploads\/2025\/08\/input-onlinepngtools.png\",\"contentUrl\":\"http:\/\/zg-gef.com\/2025\/wp-content\/uploads\/2025\/08\/input-onlinepngtools.png\",\"width\":595,\"height\":595,\"caption\":\"GEF - Green Energy Fair Zagreb\"},\"image\":{\"@id\":\"https:\/\/zg-gef.com\/2025\/#\/schema\/logo\/image\/\"},\"sameAs\":[\"https:\/\/www.linkedin.com\/company\/105140846\",\"https:\/\/www.instagram.com\/greenenergyfair?igsh=MWVxcWJ5NjkzZ2RiMg==\"]}]}<\/script>\n<!-- \/ Yoast SEO Premium plugin. -->","yoast_head_json":{"title":"Program - GEF - Green Energy Fair Zagreb","description":"A two-day event that makes Zagreb the epicenter of green energy innovation held in the most monumental facility in Zagreb \u2013 Arena Zagreb.","robots":{"index":"index","follow":"follow","max-snippet":"max-snippet:-1","max-image-preview":"max-image-preview:large","max-video-preview":"max-video-preview:-1"},"canonical":"https:\/\/zg-gef.com\/2025\/schedule\/","og_locale":"hr_HR","og_type":"article","og_title":"Program","og_description":"A two-day event that makes Zagreb the epicenter of green energy innovation held in the most monumental facility in Zagreb \u2013 Arena Zagreb.","og_url":"https:\/\/zg-gef.com\/2025\/schedule\/","og_site_name":"GEF - Green Energy Fair Zagreb","article_modified_time":"2025-10-29T12:48:52+00:00","og_image":[{"url":"http:\/\/zg-gef.com\/2025\/wp-content\/uploads\/2025\/10\/promena-d2-m.svg","type":"","width":"","height":""}],"twitter_card":"summary_large_image","twitter_misc":{"Procijenjeno vrijeme \u010ditanja":"2 minute"},"schema":{"@context":"https:\/\/schema.org","@graph":[{"@type":"WebPage","@id":"https:\/\/zg-gef.com\/2025\/schedule\/","url":"https:\/\/zg-gef.com\/2025\/schedule\/","name":"Program - GEF - Green Energy Fair Zagreb","isPartOf":{"@id":"https:\/\/zg-gef.com\/2025\/#website"},"primaryImageOfPage":{"@id":"https:\/\/zg-gef.com\/2025\/schedule\/#primaryimage"},"image":{"@id":"https:\/\/zg-gef.com\/2025\/schedule\/#primaryimage"},"thumbnailUrl":"http:\/\/zg-gef.com\/2025\/wp-content\/uploads\/2025\/10\/promena-d2-m.svg","datePublished":"2025-10-26T15:48:52+00:00","dateModified":"2025-10-29T12:48:52+00:00","description":"A two-day event that makes Zagreb the epicenter of green energy innovation held in the most monumental facility in Zagreb \u2013 Arena Zagreb.","breadcrumb":{"@id":"https:\/\/zg-gef.com\/2025\/schedule\/#breadcrumb"},"inLanguage":"hr","potentialAction":[{"@type":"ReadAction","target":["https:\/\/zg-gef.com\/2025\/schedule\/"]}]},{"@type":"ImageObject","inLanguage":"hr","@id":"https:\/\/zg-gef.com\/2025\/schedule\/#primaryimage","url":"http:\/\/zg-gef.com\/2025\/wp-content\/uploads\/2025\/10\/promena-d2-m.svg","contentUrl":"http:\/\/zg-gef.com\/2025\/wp-content\/uploads\/2025\/10\/promena-d2-m.svg"},{"@type":"BreadcrumbList","@id":"https:\/\/zg-gef.com\/2025\/schedule\/#breadcrumb","itemListElement":[{"@type":"ListItem","position":1,"name":"Home","item":"https:\/\/zg-gef.com\/2025\/"},{"@type":"ListItem","position":2,"name":"Program"}]},{"@type":"WebSite","@id":"https:\/\/zg-gef.com\/2025\/#website","url":"https:\/\/zg-gef.com\/2025\/","name":"GEF - Green Energy Fair Zagreb","description":"","publisher":{"@id":"https:\/\/zg-gef.com\/2025\/#organization"},"potentialAction":[{"@type":"SearchAction","target":{"@type":"EntryPoint","urlTemplate":"https:\/\/zg-gef.com\/2025\/?s={search_term_string}"},"query-input":{"@type":"PropertyValueSpecification","valueRequired":true,"valueName":"search_term_string"}}],"inLanguage":"hr"},{"@type":"Organization","@id":"https:\/\/zg-gef.com\/2025\/#organization","name":"GEF - Green Energy Fair Zagreb","url":"https:\/\/zg-gef.com\/2025\/","logo":{"@type":"ImageObject","inLanguage":"hr","@id":"https:\/\/zg-gef.com\/2025\/#\/schema\/logo\/image\/","url":"http:\/\/zg-gef.com\/2025\/wp-content\/uploads\/2025\/08\/input-onlinepngtools.png","contentUrl":"http:\/\/zg-gef.com\/2025\/wp-content\/uploads\/2025\/08\/input-onlinepngtools.png","width":595,"height":595,"caption":"GEF - Green Energy Fair Zagreb"},"image":{"@id":"https:\/\/zg-gef.com\/2025\/#\/schema\/logo\/image\/"},"sameAs":["https:\/\/www.linkedin.com\/company\/105140846","https:\/\/www.instagram.com\/greenenergyfair?igsh=MWVxcWJ5NjkzZ2RiMg=="]}]}},"_links":{"self":[{"href":"https:\/\/zg-gef.com\/2025\/hr\/wp-json\/wp\/v2\/pages\/3835","targetHints":{"allow":["GET"]}}],"collection":[{"href":"https:\/\/zg-gef.com\/2025\/hr\/wp-json\/wp\/v2\/pages"}],"about":[{"href":"https:\/\/zg-gef.com\/2025\/hr\/wp-json\/wp\/v2\/types\/page"}],"author":[{"embeddable":true,"href":"https:\/\/zg-gef.com\/2025\/hr\/wp-json\/wp\/v2\/users\/1"}],"replies":[{"embeddable":true,"href":"https:\/\/zg-gef.com\/2025\/hr\/wp-json\/wp\/v2\/comments?post=3835"}],"version-history":[{"count":8,"href":"https:\/\/zg-gef.com\/2025\/hr\/wp-json\/wp\/v2\/pages\/3835\/revisions"}],"predecessor-version":[{"id":3950,"href":"https:\/\/zg-gef.com\/2025\/hr\/wp-json\/wp\/v2\/pages\/3835\/revisions\/3950"}],"wp:attachment":[{"href":"https:\/\/zg-gef.com\/2025\/hr\/wp-json\/wp\/v2\/media?parent=3835"}],"curies":[{"name":"wp","href":"https:\/\/api.w.org\/{rel}","templated":true}]}}